{"id":151,"date":"2020-07-27T23:49:49","date_gmt":"2020-07-28T06:49:49","guid":{"rendered":"https:\/\/ischoolgroups.sjsu.edu\/reforma\/?page_id=151"},"modified":"2025-12-14T10:48:50","modified_gmt":"2025-12-14T18:48:50","slug":"officers","status":"publish","type":"page","link":"https:\/\/ischoolgroups.sjsu.edu\/reforma\/?page_id=151","title":{"rendered":"Officers"},"content":{"rendered":"\n<div style=\"height:50px\" aria-hidden=\"true\" class=\"wp-block-spacer\"><\/div>\n\n\n\n<h2 class=\"wp-block-heading has-text-align-center\" id=\"current-officers-2021-2022\"><strong>Current Officers<\/strong><\/h2>\n\n\n\n<div style=\"height:25px\" aria-hidden=\"true\" class=\"wp-block-spacer\"><\/div>\n\n\n\n<h4 class=\"wp-block-heading has-vivid-red-color has-text-color has-link-color wp-elements-ca191f8b4aa54f190d62f5c9db976a65\" id=\"vice-president-rosa-hughes-de-la-rosa\"><mark style=\"background-color:rgba(0, 0, 0, 0)\" class=\"has-inline-color has-black-color\"><strong>President<\/strong> | Marina Luz Corrales<\/mark><\/h4>\n\n\n\n<h5 class=\"wp-block-heading\"><strong>Chapter Affiliation | Bibliotecas Para la Gente<\/strong><\/h5>\n\n\n\n<div class=\"wp-block-columns is-layout-flex wp-container-core-columns-is-layout-28f84493 wp-block-columns-is-layout-flex\">\n<div class=\"wp-block-column is-layout-flow wp-block-column-is-layout-flow\" style=\"flex-basis:33.33%\">\n<figure class=\"wp-block-image size-large\"><img loading=\"lazy\" decoding=\"async\" width=\"706\" height=\"1024\" src=\"https:\/\/ischoolgroups.sjsu.edu\/reforma\/wp-content\/uploads\/2024\/06\/Marina-Corrales-706x1024.jpeg\" alt=\"\" class=\"wp-image-1757\"\/><\/figure>\n<\/div>\n\n\n\n<div class=\"wp-block-column is-layout-flow wp-block-column-is-layout-flow\" style=\"flex-basis:66.66%\">\n<p>Marina, a Bay Area native, has traversed a diverse professional path. Her experience spans the public, private, and non-profit sectors. She is the Undergraduate Advisor for the Department of Chicana and Chicano Studies at San Jose State University. Marina holds an MA in Applied Anthropology and another in Education and is on track to complete her EdD in Social Justice Leadership next year. Her research delves into the relationship between Latine undergraduates, trust, and their utilization of library resources, focusing on empowering students and communities of color to develop information literacy skills. She enjoys embarking on adventures with her dog in her leisure time, exploring the redwoods or a dog beach.<\/p>\n<\/div>\n<\/div>\n\n\n\n<hr class=\"wp-block-separator has-css-opacity\"\/>\n\n\n\n<h4 class=\"wp-block-heading\" id=\"membership-coordinator-stephanie-duran\"><strong>Secretary <\/strong>| Open<\/h4>\n\n\n\n<h5 class=\"wp-block-heading\" id=\"chapter-affiliation-los-angeles-chapter\">Chapter Affiliation | <\/h5>\n\n\n\n<div class=\"wp-block-columns is-layout-flex wp-container-core-columns-is-layout-28f84493 wp-block-columns-is-layout-flex\">\n<div class=\"wp-block-column is-layout-flow wp-block-column-is-layout-flow\" style=\"flex-basis:33.33%\">\n<figure class=\"wp-block-image size-large\"><img loading=\"lazy\" decoding=\"async\" width=\"1024\" height=\"1024\" src=\"https:\/\/ischoolgroups.sjsu.edu\/reforma\/wp-content\/uploads\/2023\/11\/Profile-Placeholder-1024x1024.png\" alt=\"\" class=\"wp-image-1606\" srcset=\"https:\/\/ischoolgroups.sjsu.edu\/reforma\/wp-content\/uploads\/2023\/11\/Profile-Placeholder-1024x1024.png 1024w, https:\/\/ischoolgroups.sjsu.edu\/reforma\/wp-content\/uploads\/2023\/11\/Profile-Placeholder-300x300.png 300w, https:\/\/ischoolgroups.sjsu.edu\/reforma\/wp-content\/uploads\/2023\/11\/Profile-Placeholder-150x150.png 150w, https:\/\/ischoolgroups.sjsu.edu\/reforma\/wp-content\/uploads\/2023\/11\/Profile-Placeholder-768x768.png 768w, https:\/\/ischoolgroups.sjsu.edu\/reforma\/wp-content\/uploads\/2023\/11\/Profile-Placeholder-67x67.png 67w, https:\/\/ischoolgroups.sjsu.edu\/reforma\/wp-content\/uploads\/2023\/11\/Profile-Placeholder.png 1080w\" sizes=\"auto, (max-width: 1024px) 100vw, 1024px\" \/><\/figure>\n<\/div>\n\n\n\n<div class=\"wp-block-column is-layout-flow wp-block-column-is-layout-flow\" style=\"flex-basis:66.66%\">\n<p><\/p>\n<\/div>\n<\/div>\n\n\n\n<hr class=\"wp-block-separator has-css-opacity\"\/>\n\n\n\n<h4 class=\"wp-block-heading has-vivid-red-color has-text-color has-link-color wp-elements-f9b0cf5b87a92e0e89ba8a4698d94d22\" id=\"marketing-social-media-liaison-ana-arevalo\">Membership Coordinator | (Open)<\/h4>\n\n\n\n<h5 class=\"wp-block-heading\" id=\"chapter-affiliation-los-angeles-chapter\">Chapter Affiliation | <\/h5>\n\n\n\n<div class=\"wp-block-columns is-layout-flex wp-container-core-columns-is-layout-28f84493 wp-block-columns-is-layout-flex\">\n<div class=\"wp-block-column is-layout-flow wp-block-column-is-layout-flow\" style=\"flex-basis:33.33%\">\n<figure class=\"wp-block-image size-full is-resized\"><img loading=\"lazy\" decoding=\"async\" width=\"1080\" height=\"1080\" src=\"https:\/\/ischoolgroups.sjsu.edu\/reforma\/wp-content\/uploads\/2023\/11\/Profile-Placeholder.png\" alt=\"\" class=\"wp-image-1606\" style=\"width:208px;height:auto\" srcset=\"https:\/\/ischoolgroups.sjsu.edu\/reforma\/wp-content\/uploads\/2023\/11\/Profile-Placeholder.png 1080w, https:\/\/ischoolgroups.sjsu.edu\/reforma\/wp-content\/uploads\/2023\/11\/Profile-Placeholder-300x300.png 300w, https:\/\/ischoolgroups.sjsu.edu\/reforma\/wp-content\/uploads\/2023\/11\/Profile-Placeholder-1024x1024.png 1024w, https:\/\/ischoolgroups.sjsu.edu\/reforma\/wp-content\/uploads\/2023\/11\/Profile-Placeholder-150x150.png 150w, https:\/\/ischoolgroups.sjsu.edu\/reforma\/wp-content\/uploads\/2023\/11\/Profile-Placeholder-768x768.png 768w, https:\/\/ischoolgroups.sjsu.edu\/reforma\/wp-content\/uploads\/2023\/11\/Profile-Placeholder-67x67.png 67w\" sizes=\"auto, (max-width: 1080px) 100vw, 1080px\" \/><\/figure>\n<\/div>\n\n\n\n<div class=\"wp-block-column is-layout-flow wp-block-column-is-layout-flow\" style=\"flex-basis:66.66%\">\n<p><span style=\"margin: 0px; padding: 0px;\"><strong>Please get in touch with\u00a0<\/strong><a href=\"\" target=\"_blank\"><strong>reforma.sjsu.ischool@gmail.com<\/strong><\/a><\/span><strong> if you are interested in joining our team! <\/strong><\/p>\n\n\n\n<p>(Must be a currently enrolled SJSU iSchool student.)<\/p>\n\n\n\n<p><strong>The Membership Coordinator is responsible for:<\/strong><\/p>\n\n\n<ul class=\"wp-block-list is-layout-flex wp-container-core-list-is-layout-fe9cc265 wp-block-list-is-layout-flex\" style=\"\">\n<li>Planning and coordinating recruitment of new members, including nominations, election processes, and announcements<\/li>\n\n\n\n<li>Develops strategies to recruit and orient new members<\/li>\n\n\n\n<li>Maintains membership information and data; updates member lists, and is responsible for providing membership reports to the board as needed.<\/li>\n\n\n\n<li>Contact for questions regarding membership; replies to all inquiries about membership; will work closely with the Secretary on communications.<\/li>\n\n\n\n<li>Additional duties as assigned, but with the focus on membership.<\/li>\n<\/ul>\n<\/div>\n<\/div>\n\n\n\n<hr class=\"wp-block-separator has-alpha-channel-opacity\"\/>\n\n\n\n<h4 class=\"wp-block-heading\" id=\"secretary-treasurer-sophia-lamonica\"><mark style=\"background-color:rgba(0, 0, 0, 0)\" class=\"has-inline-color has-vivid-red-color\"><strong>Marketing &amp; Social Media Liaison<\/strong> | (Open)<\/mark><\/h4>\n\n\n\n<h5 class=\"wp-block-heading\" id=\"chapter-affiliation-los-angeles-chapter\">Chapter Affiliation | <\/h5>\n\n\n\n<div class=\"wp-block-columns is-layout-flex wp-container-core-columns-is-layout-28f84493 wp-block-columns-is-layout-flex\">\n<div class=\"wp-block-column is-layout-flow wp-block-column-is-layout-flow\" style=\"flex-basis:33.33%\">\n<figure class=\"wp-block-image size-large\"><img loading=\"lazy\" decoding=\"async\" width=\"1024\" height=\"1024\" src=\"https:\/\/ischoolgroups.sjsu.edu\/reforma\/wp-content\/uploads\/2023\/11\/Profile-Placeholder-1024x1024.png\" alt=\"\" class=\"wp-image-1606\" srcset=\"https:\/\/ischoolgroups.sjsu.edu\/reforma\/wp-content\/uploads\/2023\/11\/Profile-Placeholder-1024x1024.png 1024w, https:\/\/ischoolgroups.sjsu.edu\/reforma\/wp-content\/uploads\/2023\/11\/Profile-Placeholder-300x300.png 300w, https:\/\/ischoolgroups.sjsu.edu\/reforma\/wp-content\/uploads\/2023\/11\/Profile-Placeholder-150x150.png 150w, https:\/\/ischoolgroups.sjsu.edu\/reforma\/wp-content\/uploads\/2023\/11\/Profile-Placeholder-768x768.png 768w, https:\/\/ischoolgroups.sjsu.edu\/reforma\/wp-content\/uploads\/2023\/11\/Profile-Placeholder-67x67.png 67w, https:\/\/ischoolgroups.sjsu.edu\/reforma\/wp-content\/uploads\/2023\/11\/Profile-Placeholder.png 1080w\" sizes=\"auto, (max-width: 1024px) 100vw, 1024px\" \/><\/figure>\n<\/div>\n\n\n\n<div class=\"wp-block-column is-layout-flow wp-block-column-is-layout-flow\" style=\"flex-basis:66.66%\">\n<p><span style=\"margin: 0px; padding: 0px;\"><strong>Please get in touch with\u00a0<\/strong><a href=\"\" target=\"_blank\"><strong>reforma.sjsu.ischool@gmail.com<\/strong><\/a><\/span><strong> if you are interested in joining our team! <\/strong><\/p>\n\n\n\n<p>(Must be a currently enrolled SJSU iSchool student.)<\/p>\n\n\n\n<p><strong>The Marketing &amp; Social Media Liaison is responsible for:<\/strong><\/p>\n\n\n\n<p>Posting event information on social media platforms.<\/p>\n<\/div>\n<\/div>\n\n\n\n<hr class=\"wp-block-separator has-css-opacity\"\/>\n\n\n\n<h4 class=\"wp-block-heading\" id=\"blog-editor-sarah-wilson\"><mark style=\"background-color:rgba(0, 0, 0, 0)\" class=\"has-inline-color has-vivid-red-color\"><strong>Blog Editor<\/strong> | (Open)<\/mark><\/h4>\n\n\n\n<h5 class=\"wp-block-heading\" id=\"chapter-affiliation-los-angeles-chapter\">Chapter Affiliation | <\/h5>\n\n\n\n<div class=\"wp-block-group has-global-padding is-layout-constrained wp-block-group-is-layout-constrained\">\n<div class=\"wp-block-columns are-vertically-aligned-top is-layout-flex wp-container-core-columns-is-layout-28f84493 wp-block-columns-is-layout-flex\">\n<div class=\"wp-block-column is-vertically-aligned-top is-layout-flow wp-block-column-is-layout-flow\" style=\"flex-basis:33.33%\">\n<figure class=\"wp-block-image size-large\"><img loading=\"lazy\" decoding=\"async\" width=\"1024\" height=\"1024\" src=\"https:\/\/ischoolgroups.sjsu.edu\/reforma\/wp-content\/uploads\/2023\/11\/Profile-Placeholder-1024x1024.png\" alt=\"\" class=\"wp-image-1606\" srcset=\"https:\/\/ischoolgroups.sjsu.edu\/reforma\/wp-content\/uploads\/2023\/11\/Profile-Placeholder-1024x1024.png 1024w, https:\/\/ischoolgroups.sjsu.edu\/reforma\/wp-content\/uploads\/2023\/11\/Profile-Placeholder-300x300.png 300w, https:\/\/ischoolgroups.sjsu.edu\/reforma\/wp-content\/uploads\/2023\/11\/Profile-Placeholder-150x150.png 150w, https:\/\/ischoolgroups.sjsu.edu\/reforma\/wp-content\/uploads\/2023\/11\/Profile-Placeholder-768x768.png 768w, https:\/\/ischoolgroups.sjsu.edu\/reforma\/wp-content\/uploads\/2023\/11\/Profile-Placeholder-67x67.png 67w, https:\/\/ischoolgroups.sjsu.edu\/reforma\/wp-content\/uploads\/2023\/11\/Profile-Placeholder.png 1080w\" sizes=\"auto, (max-width: 1024px) 100vw, 1024px\" \/><\/figure>\n<\/div>\n\n\n\n<div class=\"wp-block-column is-vertically-aligned-top is-layout-flow wp-block-column-is-layout-flow\" style=\"flex-basis:66.66%\">\n<p><span style=\"margin: 0px; padding: 0px;\"><strong>Don&#8217;t hesitate to get in touch with\u00a0<\/strong><a href=\"\" target=\"_blank\"><strong>reforma.sjsu.ischool@gmail.com<\/strong><\/a><\/span><strong> if you are interested in joining our team! <\/strong><\/p>\n\n\n\n<p>(Must be a currently enrolled SJSU iSchool student.)<\/p>\n\n\n\n<p><strong>The Blog Editor is responsible for:<\/strong><\/p>\n\n\n\n<p>Developing and managing the blog, which includes new posts.<\/p>\n<\/div>\n<\/div>\n<\/div>\n\n\n\n<hr class=\"wp-block-separator has-css-opacity\"\/>\n\n\n\n<h4 class=\"wp-block-heading\" id=\"webmaster-lizette-lizardi\"><mark style=\"background-color:rgba(0, 0, 0, 0)\" class=\"has-inline-color has-vivid-red-color\"><strong>Webmaster <\/strong>|<\/mark> <mark style=\"background-color:rgba(0, 0, 0, 0)\" class=\"has-inline-color has-vivid-red-color\">(Open)<\/mark><\/h4>\n\n\n\n<h5 class=\"wp-block-heading\" id=\"chapter-affiliation-los-angeles-chapter\">Chapter Affiliation | <\/h5>\n\n\n\n<div class=\"wp-block-group has-global-padding is-layout-constrained wp-block-group-is-layout-constrained\">\n<div class=\"wp-block-columns are-vertically-aligned-top is-layout-flex wp-container-core-columns-is-layout-28f84493 wp-block-columns-is-layout-flex\">\n<div class=\"wp-block-column is-vertically-aligned-top is-layout-flow wp-block-column-is-layout-flow\" style=\"flex-basis:33.33%\">\n<figure class=\"wp-block-image size-full\"><img loading=\"lazy\" decoding=\"async\" width=\"1080\" height=\"1080\" src=\"https:\/\/ischoolgroups.sjsu.edu\/reforma\/wp-content\/uploads\/2023\/11\/Profile-Placeholder.png\" alt=\"\" class=\"wp-image-1606\" srcset=\"https:\/\/ischoolgroups.sjsu.edu\/reforma\/wp-content\/uploads\/2023\/11\/Profile-Placeholder.png 1080w, https:\/\/ischoolgroups.sjsu.edu\/reforma\/wp-content\/uploads\/2023\/11\/Profile-Placeholder-300x300.png 300w, https:\/\/ischoolgroups.sjsu.edu\/reforma\/wp-content\/uploads\/2023\/11\/Profile-Placeholder-1024x1024.png 1024w, https:\/\/ischoolgroups.sjsu.edu\/reforma\/wp-content\/uploads\/2023\/11\/Profile-Placeholder-150x150.png 150w, https:\/\/ischoolgroups.sjsu.edu\/reforma\/wp-content\/uploads\/2023\/11\/Profile-Placeholder-768x768.png 768w, https:\/\/ischoolgroups.sjsu.edu\/reforma\/wp-content\/uploads\/2023\/11\/Profile-Placeholder-67x67.png 67w\" sizes=\"auto, (max-width: 1080px) 100vw, 1080px\" \/><\/figure>\n<\/div>\n\n\n\n<div class=\"wp-block-column is-vertically-aligned-top is-layout-flow wp-block-column-is-layout-flow\" style=\"flex-basis:66.66%\">\n<p><span style=\"margin: 0px; padding: 0px;\"><strong>Please get in touch with\u00a0<\/strong><a href=\"\" target=\"_blank\"><strong>reforma.sjsu.ischool@gmail.com<\/strong><\/a><\/span><strong> if you are interested in joining our team! <\/strong><\/p>\n\n\n\n<p>(Must be a currently enrolled SJSU iSchool student.)<\/p>\n\n\n\n<p><strong>The Webmaster is responsible for:<\/strong><\/p>\n\n\n\n<p>Developing and managing the website\/blog works in conjunction with the Marketing &amp; Social Media Liaison to ensure consistent messaging and adherence to all iSchool Server Use Agreement.<\/p>\n\n\n\n<p><\/p>\n<\/div>\n<\/div>\n<\/div>\n\n\n\n<hr class=\"wp-block-separator has-css-opacity\"\/>\n\n\n\n<h4 class=\"wp-block-heading has-vivid-red-color has-text-color\" id=\"alumni-liaison-sonia-bautista\"><mark style=\"background-color:rgba(0, 0, 0, 0)\" class=\"has-inline-color has-black-color\"><strong>Alumni Liaison<\/strong> | <mark style=\"background-color:rgba(0, 0, 0, 0)\" class=\"has-inline-color has-black-color\">Cybele Garcia Kohel<\/mark><\/mark><\/h4>\n\n\n\n<h5 class=\"wp-block-heading\" id=\"chapter-affiliation-los-angeles-chapter\">Chapter Affiliation | Los Angeles Chapter<\/h5>\n\n\n\n<div class=\"wp-block-group has-global-padding is-layout-constrained wp-block-group-is-layout-constrained\">\n<div class=\"wp-block-columns are-vertically-aligned-top is-layout-flex wp-container-core-columns-is-layout-28f84493 wp-block-columns-is-layout-flex\">\n<div class=\"wp-block-column is-vertically-aligned-top is-layout-flow wp-block-column-is-layout-flow\" style=\"flex-basis:33.33%\">\n<figure class=\"wp-block-image size-full\"><img loading=\"lazy\" decoding=\"async\" width=\"720\" height=\"960\" src=\"https:\/\/ischoolgroups.sjsu.edu\/reforma\/wp-content\/uploads\/2022\/12\/Cybele_Garcia_Kohel.jpeg\" alt=\"\" class=\"wp-image-1445\" srcset=\"https:\/\/ischoolgroups.sjsu.edu\/reforma\/wp-content\/uploads\/2022\/12\/Cybele_Garcia_Kohel.jpeg 720w, https:\/\/ischoolgroups.sjsu.edu\/reforma\/wp-content\/uploads\/2022\/12\/Cybele_Garcia_Kohel-225x300.jpeg 225w, https:\/\/ischoolgroups.sjsu.edu\/reforma\/wp-content\/uploads\/2022\/12\/Cybele_Garcia_Kohel-50x67.jpeg 50w\" sizes=\"auto, (max-width: 720px) 100vw, 720px\" \/><\/figure>\n<\/div>\n\n\n\n<div class=\"wp-block-column is-vertically-aligned-top is-layout-flow wp-block-column-is-layout-flow\" style=\"flex-basis:66.66%\">\n<p>Cybele Garcia Kohel (she\/her) is a librarian living and working on unceded Tongva, Chumash, and Tataviam land. She is a mom, dog lover, and writer. A long-time Los Angeles resident, she is Boricua. Cybele has a BS in Anthropology and an MS in Peace Studies. Ms. Kohel graduated with her MLIS degree from San Jose State University in May 2024. <a href=\"https:\/\/cgkohel.medium.com\">https:\/\/cgkohel.medium.com<\/a>.<\/p>\n<\/div>\n<\/div>\n<\/div>\n\n\n\n<hr class=\"wp-block-separator has-css-opacity\"\/>\n\n\n\n<h4 class=\"wp-block-heading\" id=\"faculty-advisor-dr-michele-a-l-villagran\"><strong>Faculty Advisor |<\/strong> Dr. Michele A. L. Villagran<\/h4>\n\n\n\n<h5 class=\"wp-block-heading\" id=\"chapter-affiliation-los-angeles-chapter\">Chapter Affiliation | Los Angeles Chapter<\/h5>\n\n\n\n<div class=\"wp-block-columns is-layout-flex wp-container-core-columns-is-layout-28f84493 wp-block-columns-is-layout-flex\">\n<div class=\"wp-block-column is-layout-flow wp-block-column-is-layout-flow\" style=\"flex-basis:33.33%\">\n<figure class=\"wp-block-image size-large\"><img loading=\"lazy\" decoding=\"async\" width=\"1024\" height=\"951\" src=\"https:\/\/ischoolgroups.sjsu.edu\/reforma\/wp-content\/uploads\/2024\/07\/Michele-Villagran-4-X2-1024x951.jpg\" alt=\"\" class=\"wp-image-1768\" srcset=\"https:\/\/ischoolgroups.sjsu.edu\/reforma\/wp-content\/uploads\/2024\/07\/Michele-Villagran-4-X2-1024x951.jpg 1024w, https:\/\/ischoolgroups.sjsu.edu\/reforma\/wp-content\/uploads\/2024\/07\/Michele-Villagran-4-X2-300x279.jpg 300w, https:\/\/ischoolgroups.sjsu.edu\/reforma\/wp-content\/uploads\/2024\/07\/Michele-Villagran-4-X2-768x713.jpg 768w, https:\/\/ischoolgroups.sjsu.edu\/reforma\/wp-content\/uploads\/2024\/07\/Michele-Villagran-4-X2-72x67.jpg 72w, https:\/\/ischoolgroups.sjsu.edu\/reforma\/wp-content\/uploads\/2024\/07\/Michele-Villagran-4-X2.jpg 1034w\" sizes=\"auto, (max-width: 1024px) 100vw, 1024px\" \/><figcaption class=\"wp-element-caption\">Image provided by Dr. Michele A. L. Villagran<\/figcaption><\/figure>\n<\/div>\n\n\n\n<div class=\"wp-block-column is-layout-flow wp-block-column-is-layout-flow\" style=\"flex-basis:66.66%\">\n<p>Dr. Michele A. L. Villagran (she\/her\/ella) is an accomplished educator, innovative speaker, entrepreneur, cultural intelligence, and diversity &amp; inclusion expert with over 30 years of experience in the public and private sectors. As an associate professor at San Jos\u00e9 State University School of Information, Villagran\u2019s research focuses on diversity and social justice in library and information science and cultural intelligence phenomena within libraries.<\/p>\n\n\n\n<p>Dr. Villagran earned her Doctor of Education in Organizational Leadership with her dissertation on cultural intelligence in 2015 at Pepperdine University. She also completed her Master of Dispute Resolution and Certificate of Dispute Resolution with Pepperdine. At the University of North Texas, Dr. Villagran completed her M.L.S. degree in Legal Informatics and her M.B.A. in Strategic Management.<\/p>\n\n\n\n<p>Dr. Villagran is involved with numerous associations including holding elected, nominated, and appointed roles, respectively, with REFORMA National, REFORMA Los Angeles, the Association for Library and Information Science Education, and the International Federation of Library Associations and Institutions. She is the recipient of several awards including the 2023 American Library Association Social Responsibilities Round Table Herb Biblo Outstanding Leadership Award for Social Justice and Equality, the 2021 REFORMA Librarian of the Year, and the 2021 Association for Library and Information Science Education Norman Horrocks Leadership Award.<\/p>\n\n\n\n<p>Additionally, Dr. Villagran serves as CEO of CulturalCo, LLC consulting in cultural competency, diversity &amp; inclusion, conflict resolution, and emotional intelligence. She is an advanced certified cultural intelligence and unconscious bias facilitator through the Cultural Intelligence Center, a Conflicts Dynamic Profile consultant, and a Qualified Administrator of the Intercultural Development Inventory.<\/p>\n<\/div>\n<\/div>\n\n\n\n<hr class=\"wp-block-separator has-css-opacity\"\/>\n\n\n\n<h2 class=\"wp-block-heading has-text-align-center\" id=\"previous-officers\"><strong>Past Officers<\/strong><\/h2>\n\n\n\n<p>Lilia Wright, President (2024-2025)<\/p>\n\n\n\n<p><mark style=\"background-color:rgba(0, 0, 0, 0)\" class=\"has-inline-color has-black-color\">Cybele Garcia Kohel<\/mark>, President (2023-2024)<\/p>\n\n\n\n<p>Mirna Gutierrez, Membership Coordinator (2023-2024)<\/p>\n\n\n\n<p>Gretchen G. McLaughlin, Alumni Liaison (2021-2024)<\/p>\n\n\n\n<p>Rosa Hughes de la Rosa, Vice President (2021-2023)<\/p>\n\n\n\n<p>Perla Marquez, Secretary and Treasurer (2021-2023)<\/p>\n\n\n\n<p>Lizette Lizardi, Webmaster (2021-2023)<\/p>\n\n\n\n<p>H\u00e9ctor R. Garc\u00eda-Garc\u00eda, President (2022-2023)<\/p>\n\n\n\n<p>Sonia Bautista, Alumni Liaison (2021-2022)<\/p>\n\n\n\n<p>Ana Arevalo, Marketing &amp; Social Media Liaison (2021-2022)<\/p>\n\n\n\n<p>Guadalupe Martinez, Marketing &amp; Social Media Liaison (2021-2022)<\/p>\n\n\n\n<p>Sarah Wilson, Blog Editor (2021-2022)<\/p>\n\n\n\n<p>Stephanie Duran, Membership Coordinator (2021-2022)<\/p>\n\n\n\n<hr class=\"wp-block-separator has-css-opacity\"\/>\n\n\n\n<h2 class=\"wp-block-heading has-text-align-center\" id=\"2020-2021-founding-members\">Founding Members<\/h2>\n\n\n\n<div class=\"wp-block-group is-layout-flow wp-block-group-is-layout-flow\">\n<p class=\"has-text-align-left\">Rosa Rodriguez, President (2020-2022)<\/p>\n\n\n\n<p class=\"has-text-align-left\">Essy Barroso-Ramirez, Vice President (2020-2021)<\/p>\n\n\n\n<p class=\"has-text-align-left\">Sophia LaMonica, Secretary\/Treasurer (2020-2022)<\/p>\n\n\n\n<p class=\"has-text-align-left\">Alejandra Q Reyes, Marketing &amp; Social Media Liaison (2020-2021)<\/p>\n\n\n\n<p class=\"has-text-align-left\">Petry Saenz, Alumni Liaison (2020-2021)<\/p>\n\n\n\n<p class=\"has-text-align-left\">Alessandra Gonzalez, Webmaster (2020-2021)<\/p>\n\n\n\n<p class=\"has-text-align-left\">Renee A. Torres, Webmaster (2020-2021)<\/p>\n<\/div>\n","protected":false},"excerpt":{"rendered":"<p>Current Officers President | Marina Luz Corrales Chapter Affiliation | Bibliotecas Para la Gente Marina, a Bay Area native, has traversed a diverse professional path. Her experience spans the public, [&hellip;]<\/p>\n","protected":false},"author":6,"featured_media":0,"parent":25,"menu_order":2,"comment_status":"closed","ping_status":"closed","template":"","meta":{"_monsterinsights_skip_tracking":false,"_monsterinsights_sitenote_active":false,"_monsterinsights_sitenote_note":"","_monsterinsights_sitenote_category":0,"_EventAllDay":false,"_EventTimezone":"","_EventStartDate":"","_EventEndDate":"","_EventStartDateUTC":"","_EventEndDateUTC":"","_EventShowMap":false,"_EventShowMapLink":false,"_EventURL":"","_EventCost":"","_EventCostDescription":"","_EventCurrencySymbol":"","_EventCurrencyCode":"","_EventCurrencyPosition":"","_EventDateTimeSeparator":"","_EventTimeRangeSeparator":"","_EventOrganizerID":[],"_EventVenueID":[],"_OrganizerEmail":"","_OrganizerPhone":"","_OrganizerWebsite":"","_VenueAddress":"","_VenueCity":"","_VenueCountry":"","_VenueProvince":"","_VenueState":"","_VenueZip":"","_VenuePhone":"","_VenueURL":"","_VenueStateProvince":"","_VenueLat":"","_VenueLng":"","_VenueShowMap":false,"_VenueShowMapLink":false,"footnotes":""},"class_list":["post-151","page","type-page","status-publish","hentry"],"_links":{"self":[{"href":"https:\/\/ischoolgroups.sjsu.edu\/reforma\/index.php?rest_route=\/wp\/v2\/pages\/151","targetHints":{"allow":["GET"]}}],"collection":[{"href":"https:\/\/ischoolgroups.sjsu.edu\/reforma\/index.php?rest_route=\/wp\/v2\/pages"}],"about":[{"href":"https:\/\/ischoolgroups.sjsu.edu\/reforma\/index.php?rest_route=\/wp\/v2\/types\/page"}],"author":[{"embeddable":true,"href":"https:\/\/ischoolgroups.sjsu.edu\/reforma\/index.php?rest_route=\/wp\/v2\/users\/6"}],"replies":[{"embeddable":true,"href":"https:\/\/ischoolgroups.sjsu.edu\/reforma\/index.php?rest_route=%2Fwp%2Fv2%2Fcomments&post=151"}],"version-history":[{"count":98,"href":"https:\/\/ischoolgroups.sjsu.edu\/reforma\/index.php?rest_route=\/wp\/v2\/pages\/151\/revisions"}],"predecessor-version":[{"id":1924,"href":"https:\/\/ischoolgroups.sjsu.edu\/reforma\/index.php?rest_route=\/wp\/v2\/pages\/151\/revisions\/1924"}],"up":[{"embeddable":true,"href":"https:\/\/ischoolgroups.sjsu.edu\/reforma\/index.php?rest_route=\/wp\/v2\/pages\/25"}],"wp:attachment":[{"href":"https:\/\/ischoolgroups.sjsu.edu\/reforma\/index.php?rest_route=%2Fwp%2Fv2%2Fmedia&parent=151"}],"curies":[{"name":"wp","href":"https:\/\/api.w.org\/{rel}","templated":true}]}}